{"id":938,"date":"2017-12-29T12:13:04","date_gmt":"2017-12-29T12:13:04","guid":{"rendered":"http:\/\/luismvilas.es\/?page_id=938"},"modified":"2025-11-06T18:34:11","modified_gmt":"2025-11-06T18:34:11","slug":"donde-estamos","status":"publish","type":"page","link":"https:\/\/disensoconsentido.com\/?page_id=938","title":{"rendered":"Contacto"},"content":{"rendered":"<h6><strong>P\u00e1gina Web<\/strong><\/h6>\n<h6>Roman&amp;Vilas Centro de Psicoterapia<br \/>\nRV Instituto de Psicolog\u00eda y Psicoterapia (<a href=\"https:\/\/psicologosromanvilas.com\/\">pincha aqu\u00ed<\/a>)<\/h6>\n<h6><strong>Ubicaci\u00f3n:<br \/>\n<\/strong>En\u00a0 Zaragoza<strong><br \/>\n<\/strong><\/h6>\n<p style=\"text-align: center;\">Avenida Cesar Augusto 16,<br \/>\nPlanta Principal, Oficina C<\/p>\n<p><iframe loading=\"lazy\" style=\"border: 0;\" src=\"https:\/\/www.google.com\/maps\/embed?pb=!1m18!1m12!1m3!1d2981.228528760541!2d-0.8882671845659826!3d41.65080417924077!2m3!1f0!2f0!3f0!3m2!1i1024!2i768!4f13.1!3m3!1m2!1s0xd5914e9da80423b%3A0x19a8a35c3c991244!2sAv.%20de%20C%C3%A9sar%20Augusto%2C%2016%2C%2050004%20Zaragoza!5e0!3m2!1ses!2ses!4v1567278917180!5m2!1ses!2ses\" width=\"600\" height=\"450\" frameborder=\"0\" allowfullscreen=\"allowfullscreen\"><\/iframe><\/p>\n<h5>Tel\u00e9fono: <b>976 025 726<\/b><\/h5>\n<h5 style=\"text-align: left;\"><\/h5>\n","protected":false},"excerpt":{"rendered":"<p>P\u00e1gina Web Roman&amp;Vilas Centro de Psicoterapia RV Instituto de Psicolog\u00eda y Psicoterapia (pincha aqu\u00ed) Ubicaci\u00f3n: En\u00a0 Zaragoza Avenida Cesar Augusto 16, Planta Principal, Oficina C Tel\u00e9fono: 976 025 726<\/p>\n","protected":false},"author":2,"featured_media":0,"parent":0,"menu_order":4,"comment_status":"closed","ping_status":"closed","template":"","meta":{"footnotes":""},"class_list":["post-938","page","type-page","status-publish","hentry"],"jetpack_sharing_enabled":true,"jetpack_likes_enabled":true,"_links":{"self":[{"href":"https:\/\/disensoconsentido.com\/index.php?rest_route=\/wp\/v2\/pages\/938","targetHints":{"allow":["GET"]}}],"collection":[{"href":"https:\/\/disensoconsentido.com\/index.php?rest_route=\/wp\/v2\/pages"}],"about":[{"href":"https:\/\/disensoconsentido.com\/index.php?rest_route=\/wp\/v2\/types\/page"}],"author":[{"embeddable":true,"href":"https:\/\/disensoconsentido.com\/index.php?rest_route=\/wp\/v2\/users\/2"}],"replies":[{"embeddable":true,"href":"https:\/\/disensoconsentido.com\/index.php?rest_route=%2Fwp%2Fv2%2Fcomments&post=938"}],"version-history":[{"count":1,"href":"https:\/\/disensoconsentido.com\/index.php?rest_route=\/wp\/v2\/pages\/938\/revisions"}],"predecessor-version":[{"id":1676,"href":"https:\/\/disensoconsentido.com\/index.php?rest_route=\/wp\/v2\/pages\/938\/revisions\/1676"}],"wp:attachment":[{"href":"https:\/\/disensoconsentido.com\/index.php?rest_route=%2Fwp%2Fv2%2Fmedia&parent=938"}],"curies":[{"name":"wp","href":"https:\/\/api.w.org\/{rel}","templated":true}]}}